{"id":676,"date":"2025-11-05T00:28:31","date_gmt":"2025-11-04T22:28:31","guid":{"rendered":"https:\/\/artscience.pro\/?post_type=product&#038;p=676"},"modified":"2026-03-31T18:54:31","modified_gmt":"2026-03-31T15:54:31","slug":"valda-voogu-akvarelli-hoog-ja-lummus-avastav-tootuba","status":"publish","type":"product","link":"https:\/\/artscience.pro\/et\/shop\/valda-voogu-akvarelli-hoog-ja-lummus-avastav-tootuba\/","title":{"rendered":"Valda voogu &#8211; akvarelli hoog ja lummus. Avastav t\u00f6\u00f6tuba"},"content":{"rendered":"<h3><b>Toimumiskoht: <\/b><span style=\"color: #0000ff;\"><a style=\"color: #0000ff;\" href=\"https:\/\/studiok28.com\/\" target=\"_blank\" rel=\"noopener\">Kunstigalerii <\/a><a style=\"color: #0000ff;\" href=\"https:\/\/studiok28.com\/\" target=\"_blank\" rel=\"noopener\">ja Stuudio K28<\/a>,\u00a0 <a style=\"color: #0000ff;\" title=\"Studio Gallery K28\" href=\"https:\/\/studiok28.com\/\" target=\"_blank\" rel=\"noopener\">Kentmanni 28, Tallinn<\/a><\/span><\/h3>\n<h3><b>Kuup\u00e4evad: teisip\u00e4evad | 2026\u00a0<\/b><\/h3>\n<h3><b>Aeg: 18:00 &#8211; 22:00<\/b><\/h3>\n<h3><span style=\"color: #0000ff;\">NB! V\u00f5id tulla \u00fcksi v\u00f5i koos seltskonnaga m\u00e4rgitud kuup\u00e4evadel.<br \/>\nKui soovid oma grupile m\u00f5nda muud kuup\u00e4eva, anna julgelt teada ja saada s\u00f5num.<\/span><\/h3>\n<h3><span style=\"text-decoration: underline;\"><a href=\"https:\/\/artscience.pro\/contact\/\" target=\"_blank\" rel=\"noopener\"><strong><span style=\"color: #008000; text-decoration: underline;\">Saada s\u00f5num<\/span><\/strong><\/a><\/span><\/h3>\n<h3><span style=\"text-decoration: underline;\"><span style=\"color: #ff0000;\"><strong><a style=\"color: #ff0000; text-decoration: underline;\" href=\"https:\/\/vimeo.com\/1134727974\/0e4e068a15?share=copy&amp;fl=sv&amp;fe=ci\" target=\"_blank\" rel=\"noopener\">VAATA VIDEOT Mida, miks ja kuidas t\u00f6\u00f6toas tehakse, valminud maalid.<\/a><\/strong><\/span><\/span><\/h3>\n<hr \/>\n<h4><\/h4>\n<h4><strong>Kujundasin akvarelli\u00a0meistriklassi, mis on\u00a0l\u00e4bim\u00f5eldud, kvaliteetne ja s\u00fcdamega loodud elamus\u00a0\u2013 just see, mida ma ise kunstnikuna sooviksin ja mida ka sina v\u00e4\u00e4rt oled.<\/strong><\/h4>\n<p>&nbsp;<\/p>\n<h3><strong>Miks?<\/strong><\/h3>\n<p>Minu eesm\u00e4rk on lihtne: tule kohale k\u00e4ed taskus ja v\u00e4lju meistriteose, hea tuju ja rahuldusega, justkui oleksid midagi erakordset korda saatnud. Lisaks veel tundega, et veetsid toredalt aega heas seltskonnas ja kaunis asukohas.<\/p>\n<p>&nbsp;<\/p>\n<div>\n<h3><strong>Lainele saamine ja akvarelliga s\u00f5brunemine<\/strong><\/h3>\n<p>Mina aitan sul lainele saada, tutvuda akvarelli kui iseseisva meediumiga ja saada ehe\u00a0maalimise elamus, mis ei ole pelgalt samm-sammult \u00f5petaja liigutuste kopeerimine, vaid oma idee v\u00e4ljendamine akvarelli omadustele tuginedes. Ma n\u00e4itan sulle akvarelli t\u00f5elist palet ja teen tuttavaks tema m\u00e4ngureeglitega, et neid siis elegantselt rikkuda.<\/p>\n<p>Sageli \u00f6eldakse akvarelli kohta: \u00f5rnake, pirtsakas, keeruline, kergemeelne ja tagatipuks ei s\u00e4ili kaua&#8230; Aga ma n\u00e4itan sulle vastupidist!\u00a0Ma aitan sul sellega s\u00f5braks saada.<\/p>\n<p>&nbsp;<\/p>\n<h3><strong>Minu meetod ja filosoofia<\/strong><\/h3>\n<p>Olen kogu oma elu maalinud, \u00f5ppinud kunsti koolides ja viimastel aastatel k\u00e4inud arvukatel kursustel, festivalidel ja kunstis\u00fcndmustel. Oma kogemuse p\u00f5hjal kujundasin oma meetodi, sest n\u00e4gin ja proovisin l\u00e4bi k\u00f5ik need\u00a0 &#8220;head ja vead&#8221;.<\/p>\n<p>Juhendan\u00a0v\u00e4ikeses grupis, kuni 5 inimest, et saaksin iga\u00fchega tegeleda ja samas et oleks v\u00f5imalik kogu seltskonnaga vestelda \u2013 et\u00a0iga osaleja saaks t\u00e4helepanu, aega ja ruumi enese v\u00e4ljendamiseks.<\/p>\n<p>Mul on k\u00fcll plaan, samas kohandan seda vastavalt t\u00f6\u00f6toa kulgemisele \u2013 t\u00e4pselt nagu akvarell \u2013 see on oskus olukordadest graatsiliselt ja v\u00f5idukalt v\u00e4ljuda. Usu mind, kui sa valdad akvarelli, siis valdad sa ka eluvoogu, tekivad uued seosed ja areneb v\u00f5ime mitmes suunas ja eritasandil m\u00f5elda.<\/p>\n<p>&nbsp;<\/p>\n<h3><b>Parimad vahendid<\/b><\/h3>\n<p>Materjalid ja nende tunnetus on \u00e4\u00e4rmiselt t\u00e4htsad. Ma annan sulle k\u00e4tte\u00a0k\u00f5ik parimad kunstniku taseme akvarelli vahendid, mida ma ise kasutan ja millega maalivad t\u00e4nap\u00e4eval tunnustatud akvarelli meistrid.\u00a0Kvaliteetsete materjalidega tehtud akvarellmaal kestab sajandeid!<\/p>\n<ul>\n<li>Paber:\u00a0100% k\u00fclmpressitud puuvill<\/li>\n<li>V\u00e4rvid:\u00a0Kunstniku taseme v\u00e4rvid (Sennelier, Daniel Smith, Winsor&amp;Newton)<\/li>\n<li>Pintslid:\u00a0Tunnustatud tootjatelt (Escoda, DaVinci, Raffael)<\/li>\n<li>Isegi teip on spetsiaalselt akvarelli jaoks loodud ja palju muud<\/li>\n<\/ul>\n<p>Detailid loovad terviku.\u00a0Minu jaoks on t\u00e4htis\u00a0see, et k\u00f5ik on\u00a0kvaliteetne, l\u00e4bim\u00f5eldud ja s\u00fcdamlik.<\/p>\n<p>T\u00f6\u00f6toas s\u00fcndinud maalid on v\u00e4\u00e4rt\u00a0kohe raami panemist ja kasv\u00f5i n\u00e4itusele esitamist.<\/p>\n<p>Tule ja me teeme seda koos!<\/p>\n<p>&nbsp;<\/p>\n<h3><b>T\u00f6\u00f6tuba sisaldab:<\/b><\/h3>\n<ul>\n<li>juhendamist<\/li>\n<li>demonstratsioone<\/li>\n<li>k\u00f5iki t\u00f6\u00f6vahendeid<\/li>\n<li>suupisteid ja jooke<\/li>\n<\/ul>\n<p>&nbsp;<\/p>\n<h3><strong>Hinnad:<\/strong><\/h3>\n<div><span style=\"color: #0000ff;\">Eraisik<\/span>, 1 osaleja (hind sisaldab KM):<\/div>\n<div>4-tunnine \u00f5htune t\u00f6\u00f6tuba K28 Stuudio Galeriis &#8211; 139 EUR<\/div>\n<div><span style=\"color: #0000ff;\">Ettev\u00f5te<\/span>, maksimaalne grupi suurus 10 osalejat (hind ei sisalda KM)<\/div>\n<div>\n<div>4-tunnine \u00f5htune t\u00f6\u00f6tuba K28 Stuudio Galeriis &#8211; 149 EUR\/osaleja<\/div>\n<\/div>\n<div>Raha tagastuse garantii:\u00a0 Kui tunned, et t\u00f6\u00f6tuba ei olnud sinu jaoks, tagastan osalustasu hea meelega. Minu eesm\u00e4rk on, et kogemus oleks inspireeriv ja v\u00e4\u00e4rtuslik.<\/div>\n<\/div>\n","protected":false},"excerpt":{"rendered":"<p>Vali kuup\u00e4ev rippmen\u00fc\u00fcst &#8211; muu kuup\u00e4ev<\/p>\n<p>Muud kuup\u00e4evad &#8211; <a href=\"https:\/\/artscience.pro\/contact\/\" target=\"_blank\" rel=\"noopener\">saada s\u00f5num\u00a0<\/a><\/p>\n<p>&nbsp;<\/p>\n","protected":false},"featured_media":263,"template":"","meta":{"_et_pb_use_builder":"","_et_pb_old_content":"","_et_gb_content_width":"","_swpsp_post_exclude":false},"product_brand":[],"product_cat":[68],"product_tag":[],"class_list":{"0":"post-676","1":"product","2":"type-product","3":"status-publish","4":"has-post-thumbnail","6":"product_cat-tootoad","8":"first","9":"instock","10":"featured","11":"taxable","12":"shipping-taxable","13":"purchasable","14":"product-type-variable"},"_links":{"self":[{"href":"https:\/\/artscience.pro\/et\/wp-json\/wp\/v2\/product\/676","targetHints":{"allow":["GET"]}}],"collection":[{"href":"https:\/\/artscience.pro\/et\/wp-json\/wp\/v2\/product"}],"about":[{"href":"https:\/\/artscience.pro\/et\/wp-json\/wp\/v2\/types\/product"}],"wp:featuredmedia":[{"embeddable":true,"href":"https:\/\/artscience.pro\/et\/wp-json\/wp\/v2\/media\/263"}],"wp:attachment":[{"href":"https:\/\/artscience.pro\/et\/wp-json\/wp\/v2\/media?parent=676"}],"wp:term":[{"taxonomy":"product_brand","embeddable":true,"href":"https:\/\/artscience.pro\/et\/wp-json\/wp\/v2\/product_brand?post=676"},{"taxonomy":"product_cat","embeddable":true,"href":"https:\/\/artscience.pro\/et\/wp-json\/wp\/v2\/product_cat?post=676"},{"taxonomy":"product_tag","embeddable":true,"href":"https:\/\/artscience.pro\/et\/wp-json\/wp\/v2\/product_tag?post=676"}],"curies":[{"name":"wp","href":"https:\/\/api.w.org\/{rel}","templated":true}]}}