{"id":666,"date":"2025-06-24T12:10:33","date_gmt":"2025-06-24T09:10:33","guid":{"rendered":"https:\/\/artscience.pro\/?post_type=product&#038;p=666"},"modified":"2025-07-14T14:37:44","modified_gmt":"2025-07-14T11:37:44","slug":"echoes-of-the-atlantic-reefs-and-waves-el-confital","status":"publish","type":"product","link":"https:\/\/artscience.pro\/et\/shop\/echoes-of-the-atlantic-reefs-and-waves-el-confital\/","title":{"rendered":"Atlandi kaja: Riffid ja lained El Confitali l\u00e4hedal"},"content":{"rendered":"<h3>Ole tunnistajaks Atlandi ookeani toorele ja majesteetlikule ilule, kui see vastu riffe p\u00f5rkub.<\/h3>\n<p>See j\u00f5uline akvarell, mille vaatenurk avaneb Las Canterase rannalt El Confitali suunas, kujutab ookeani ja varjatud riffide dramaatilist koosm\u00f5ju.<\/p>\n<p>Stseeni keskmes on valge vahutav vesi, kui laine dramaatilise j\u00f5uga ja \u201eelur\u00f5\u00f5muga\u201c paiskub vastu tumeda tekstuuriga kaljusid esiplaanil. Vesi vaheldub s\u00fcgava ja lummava t\u00fcrkiisi toonidest heledamate siniste ja roheliste toonideni, r\u00f5hutades liikumist ja s\u00fcgavust.<\/p>\n<p>Taamal kerkivad uduse taeva all karmid pruunikad m\u00e4ed, mis tasakaalustavad mere metsikut energiat.<\/p>\n<p>Maal v\u00e4ljendab puhtuse tunnet ning kontrasti lopsakuse ja kuivuse vahel, mis on Gran Canaria ainulaadse maastiku tunnuseks ja inspiratsiooniks paljudele kunstnikele.<\/p>\n<p>Kunstnik on j\u00e4\u00e4dvustanud omap\u00e4rase \u201egeisri vaatem\u00e4ngu\u201c, r\u00f5hutades saare vulkaanilist p\u00e4ritolu. Teos peegeldab saare taltsutamatut loodusilu ja kunstniku v\u00f5imet seda emotsionaalselt edasi anda.<\/p>\n<h3>Kunstnikult<\/h3>\n<p>Las Canterase rannast vaid m\u00f5nesaja meetri kaugusel meres asuvad riffid. M\u00f5nel p\u00e4eval saab seal n\u00e4ha omap\u00e4rast \u201cpurskkaevude\u201d vaatem\u00e4ngu \u2013 hetkeks t\u00f5usevad vahused veekuhjad ootamatult ja r\u00fctmiliselt \u00fcles, justkui h\u00fcppaks meri ise elu r\u00f5\u00f5must.<\/p>\n<p>&nbsp;<\/p>\n<p><span class=\"notion-enable-hover\" data-token-index=\"1\">Painting ID:<\/span> PA-4-SeascapeElConfital<\/p>\n<p><span class=\"notion-enable-hover\" data-token-index=\"3\">Title:<\/span> Echoes of the Atlantic: Reefs and Waves near El Confital<\/p>\n<p><span class=\"notion-enable-hover\" data-token-index=\"5\">Artist:<\/span> Kristiina Roots<\/p>\n<p><span class=\"notion-enable-hover\" data-token-index=\"7\">Date Painted:<\/span> April 2024<\/p>\n<p><span class=\"notion-enable-hover\" data-token-index=\"9\">Dimensions:<\/span> 18&#215;26 cm<\/p>\n<p><span class=\"notion-enable-hover\" data-token-index=\"11\">Medium:<\/span> Watercolor on paper<\/p>\n<p><span class=\"notion-enable-hover\" data-token-index=\"13\">Comprehensive Visual Description:<\/span> The painting features a dramatic coastal scene with dark, textured rock formations in the foreground, against which a large wave crashes, creating a prominent white and light-blue spray. The water in the mid-ground displays vibrant turquoise and blue hues, indicating clear, possibly shallow, water over a reef structure. In the background, rolling hills or mountains are rendered in earthy tones (browns, ochres) under a sky of light grey and blue. The composition emphasizes the contrast between the static, rugged land and the dynamic, fluid ocean.<\/p>\n<p><span class=\"notion-enable-hover\" data-token-index=\"15\">Artistic Technique &amp; Style:<\/span> The artist uses expressive, almost explosive brushwork for the crashing wave, contrasting with smoother washes for the sky and distant water. The dark rocks are rendered with textured, broken strokes, while the turquoise water uses clear, luminous washes. The description mentions a &#8220;peculiar &#8216;geyser&#8217; spectacle&#8221; and the &#8220;joy of life&#8221; of the sea itself, indicating an emotional and energetic approach to the subject. The style is impressionistic, capturing a moment of intense natural activity.<\/p>\n<p><span class=\"notion-enable-hover\" data-token-index=\"17\">Gran Canaria Context &amp; External Information:<\/span> The painting is set near El Confital, a significant natural and geological area adjacent to Las Canteras Beach in Las Palmas. Gran Canaria is an island &#8220;forged by volcanoes&#8221;, and its &#8220;rugged orography&#8221; shaped by wind and waves creates many natural pools and dramatic coastlines. The interplay of light and shadows is key to capturing the island&#8217;s landscape.<\/p>\n<p><span class=\"notion-enable-hover\" data-token-index=\"19\">Keywords:<\/span> El Confital, Las Canteras, Gran Canaria, watercolor, seascape, crashing waves, rocky coast, volcanic landscape, Atlantic Ocean, impressionism, expressive art, natural beauty, island scenery, turquoise water.<\/p>\n","protected":false},"excerpt":{"rendered":"<p>Akvarell paberil | 18 x 26 cm | 2024 | Raamimata |<span class=\"notion-enable-hover\" data-token-index=\"1\">Atlandi rannikute v\u00f5rratu ilu<\/span><\/p>\n","protected":false},"featured_media":665,"template":"","meta":{"_et_pb_use_builder":"","_et_pb_old_content":"","_et_gb_content_width":"","_swpsp_post_exclude":false},"product_brand":[],"product_cat":[55,34,35,42,43],"product_tag":[61,59,65,56,66,57,63,60,64,62],"class_list":{"0":"post-666","1":"product","2":"type-product","3":"status-publish","4":"has-post-thumbnail","6":"product_cat-maalid","7":"product_cat-landscapes","8":"product_cat-seascapes","9":"product_cat-plein-air-series","10":"product_cat-small-works-series","11":"product_tag-atlantic-ocean","12":"product_tag-el-confital","13":"product_tag-expressive-art","14":"product_tag-gran_canaria","15":"product_tag-kristiina-roots","16":"product_tag-las_canteras","17":"product_tag-rocks","18":"product_tag-seascape","19":"product_tag-volcanic-coast","20":"product_tag-waves","22":"first","23":"instock","24":"taxable","25":"shipping-taxable","26":"purchasable","27":"product-type-simple"},"_links":{"self":[{"href":"https:\/\/artscience.pro\/et\/wp-json\/wp\/v2\/product\/666","targetHints":{"allow":["GET"]}}],"collection":[{"href":"https:\/\/artscience.pro\/et\/wp-json\/wp\/v2\/product"}],"about":[{"href":"https:\/\/artscience.pro\/et\/wp-json\/wp\/v2\/types\/product"}],"wp:featuredmedia":[{"embeddable":true,"href":"https:\/\/artscience.pro\/et\/wp-json\/wp\/v2\/media\/665"}],"wp:attachment":[{"href":"https:\/\/artscience.pro\/et\/wp-json\/wp\/v2\/media?parent=666"}],"wp:term":[{"taxonomy":"product_brand","embeddable":true,"href":"https:\/\/artscience.pro\/et\/wp-json\/wp\/v2\/product_brand?post=666"},{"taxonomy":"product_cat","embeddable":true,"href":"https:\/\/artscience.pro\/et\/wp-json\/wp\/v2\/product_cat?post=666"},{"taxonomy":"product_tag","embeddable":true,"href":"https:\/\/artscience.pro\/et\/wp-json\/wp\/v2\/product_tag?post=666"}],"curies":[{"name":"wp","href":"https:\/\/api.w.org\/{rel}","templated":true}]}}