{"id":198,"date":"2025-04-27T22:19:35","date_gmt":"2025-04-27T19:19:35","guid":{"rendered":"https:\/\/artscience.pro\/?page_id=198"},"modified":"2025-11-24T18:50:17","modified_gmt":"2025-11-24T16:50:17","slug":"about","status":"publish","type":"page","link":"https:\/\/artscience.pro\/et\/science\/about\/","title":{"rendered":"About Me"},"content":{"rendered":"<p>[et_pb_section fb_built=&#8221;1&#8243; _builder_version=&#8221;4.27.4&#8243; _module_preset=&#8221;default&#8221; global_colors_info=&#8221;{}&#8221;][et_pb_row _builder_version=&#8221;4.27.4&#8243; _module_preset=&#8221;default&#8221; global_colors_info=&#8221;{}&#8221;][et_pb_column type=&#8221;4_4&#8243; _builder_version=&#8221;4.27.4&#8243; _module_preset=&#8221;60960d59-fa19-4abb-8785-cd7a4109084a&#8221;][et_pb_text _builder_version=&#8221;4.27.4&#8243; _module_preset=&#8221;default&#8221; hover_enabled=&#8221;0&#8243; global_colors_info=&#8221;{}&#8221; sticky_enabled=&#8221;0&#8243;]<\/p>\n<div class=\"about-scientist\">\n<h1>Minust<\/h1>\n<h3>Teaduslik taust<\/h3>\n<p>Olen <strong>Kristiina Roots, PhD<\/strong> \u2013 meditsiiniteadlane ja kliiniliste uuringute ekspert, kellel on \u00fcle kahek\u00fcmne aasta kogemust farmaatsiat\u00f6\u00f6stuses ja akadeemilises teaduses. Minu teadustee algas <strong>Tartu \u00dclikoolis<\/strong>, kus kaitsesin <strong>doktorikraadi meditsiinilise biokeemia erialal<\/strong>, uurides, kuidas ioonpumbad reguleerivad ajutegevust \u2013 teema, mis s\u00fcvendas minu huvi selle vastu, kuidas molekulaarsed mehhanismid kujundavad inimeste tervist.<\/p>\n<h3>Professionaalne kogemus<\/h3>\n<p>Oma karj\u00e4\u00e4ri jooksul olen panustanud enam kui <strong>50 rahvusvahelisse kliinilisse uuringusse<\/strong> mitmes teraapiaalas, sealhulgas neuroloogia, kardioloogia, immunoloogia ja harvikhaigused. <strong>Kliiniliste uuringute meditsiiniala n\u00f5ustajana<\/strong> aitasin positsioneerida Novartise \u00fcheks juhtivaks kliiniliste uuringute sponsoriks Baltikumis.<\/p>\n<p>Minu t\u00f6\u00f6 keskmes on sildade loomine globaalse arenduse ja kohaliku teadmusbaasi vahel \u2013 et teaduslik innovatsioon j\u00f5uaks patsientideni reaalse v\u00e4\u00e4rtusena. Olen juhtinud ka algatusi uute uurijate koolitamiseks ja <strong>mentorluseks<\/strong>, k\u00e4ivitades \u00fche esimese \u00fclikooli akrediteeritud kliiniliste uuringute koolitusprogrammi.<\/p>\n<h3>Andmeanal\u00fc\u00fcs, tehisaru ja meditsiini tulevik<\/h3>\n<p>Viimastel aastatel olen laiendanud oma fookust <strong>andmeanal\u00fc\u00fctika ja tehisintellekti rakendustele meditsiinis<\/strong>. Olen l\u00e4binud <strong>Google Data Analytics Professional Certificate<\/strong> programmi ning t\u00e4iendanud end tehisintellekti arenduse kursustel. N\u00e4en tehnoloogiat teaduse partnerina \u2013 v\u00f5imalusena suurendada t\u00e4psust, teadmistevahetust ja koost\u00f6\u00f6d erinevate valdkondade vahel.<\/p>\n<h3>Minu visioon<\/h3>\n<p>Teadus ei ole minu jaoks ainult andmed, vaid ka elu m\u00f5istmine selle t\u00e4ies keerukuses. Sama uudishimu, mis juhib minu teadust\u00f6\u00f6d, inspireerib ka minu kunsti \u2013 m\u00f5lemad on viisid uurida, kuidas struktuur ja emotsioon p\u00f5imuvad. Oma ettev\u00f5tte <strong>Art and Science O\u00dc<\/strong> kaudu \u00fchendan anal\u00fc\u00fctilise m\u00f5tlemise ja loova v\u00e4ljenduse, et tuua teaduse ja kunsti kaudu inimesteni tasakaal, teadlikkus ja inspiratsioon.<\/p>\n<\/div>\n<p>[\/et_pb_text][\/et_pb_column][\/et_pb_row][\/et_pb_section]<\/p>\n","protected":false},"excerpt":{"rendered":"<p>Minust Teaduslik taust Olen Kristiina Roots, PhD \u2013 meditsiiniteadlane ja kliiniliste uuringute ekspert, kellel on \u00fcle kahek\u00fcmne aasta kogemust farmaatsiat\u00f6\u00f6stuses ja akadeemilises teaduses. Minu teadustee algas Tartu \u00dclikoolis, kus kaitsesin doktorikraadi meditsiinilise biokeemia erialal, uurides, kuidas ioonpumbad reguleerivad ajutegevust \u2013 teema, mis s\u00fcvendas minu huvi selle vastu, kuidas molekulaarsed mehhanismid kujundavad inimeste tervist. Professionaalne kogemus [&hellip;]<\/p>\n","protected":false},"author":1,"featured_media":0,"parent":202,"menu_order":0,"comment_status":"closed","ping_status":"closed","template":"","meta":{"_et_pb_use_builder":"on","_et_pb_old_content":"","_et_gb_content_width":"","_swpsp_post_exclude":false,"footnotes":""},"class_list":["post-198","page","type-page","status-publish","hentry"],"_links":{"self":[{"href":"https:\/\/artscience.pro\/et\/wp-json\/wp\/v2\/pages\/198","targetHints":{"allow":["GET"]}}],"collection":[{"href":"https:\/\/artscience.pro\/et\/wp-json\/wp\/v2\/pages"}],"about":[{"href":"https:\/\/artscience.pro\/et\/wp-json\/wp\/v2\/types\/page"}],"author":[{"embeddable":true,"href":"https:\/\/artscience.pro\/et\/wp-json\/wp\/v2\/users\/1"}],"replies":[{"embeddable":true,"href":"https:\/\/artscience.pro\/et\/wp-json\/wp\/v2\/comments?post=198"}],"version-history":[{"count":10,"href":"https:\/\/artscience.pro\/et\/wp-json\/wp\/v2\/pages\/198\/revisions"}],"predecessor-version":[{"id":770,"href":"https:\/\/artscience.pro\/et\/wp-json\/wp\/v2\/pages\/198\/revisions\/770"}],"up":[{"embeddable":true,"href":"https:\/\/artscience.pro\/et\/wp-json\/wp\/v2\/pages\/202"}],"wp:attachment":[{"href":"https:\/\/artscience.pro\/et\/wp-json\/wp\/v2\/media?parent=198"}],"curies":[{"name":"wp","href":"https:\/\/api.w.org\/{rel}","templated":true}]}}