{"id":194,"date":"2025-04-27T22:19:35","date_gmt":"2025-04-27T19:19:35","guid":{"rendered":"https:\/\/artscience.pro\/?page_id=194"},"modified":"2025-11-26T15:58:11","modified_gmt":"2025-11-26T13:58:11","slug":"home","status":"publish","type":"page","link":"https:\/\/artscience.pro\/et\/","title":{"rendered":"Home Kristiina Roots Art and Science"},"content":{"rendered":"<p>[et_pb_section fb_built=&#8221;1&#8243; _builder_version=&#8221;4.27.4&#8243; _module_preset=&#8221;default&#8221; global_colors_info=&#8221;{}&#8221;][et_pb_row _builder_version=&#8221;4.27.4&#8243; _module_preset=&#8221;default&#8221; custom_padding=&#8221;||30px||false|false&#8221; global_colors_info=&#8221;{}&#8221;][et_pb_column type=&#8221;4_4&#8243; _builder_version=&#8221;4.27.4&#8243; _module_preset=&#8221;c1baf388-63e2-4808-bbc9-f7874a3b4305&#8243;][et_pb_text _builder_version=&#8221;4.27.4&#8243; _module_preset=&#8221;default&#8221; global_colors_info=&#8221;{}&#8221;]<\/p>\n<h2 style=\"text-align: center;\">Teadus ja kunst \u2013 kaks valdkonda, \u00fcks visioon<\/h2>\n<p>[\/et_pb_text][\/et_pb_column][\/et_pb_row][et_pb_row column_structure=&#8221;1_3,2_3&#8243; _builder_version=&#8221;4.27.4&#8243; _module_preset=&#8221;default&#8221; module_alignment=&#8221;center&#8221; global_colors_info=&#8221;{}&#8221;][et_pb_column type=&#8221;1_3&#8243; _builder_version=&#8221;4.27.4&#8243; _module_preset=&#8221;default&#8221;][et_pb_image src=&#8221;https:\/\/artscience.pro\/wp-content\/uploads\/2025\/11\/K.Roots_Kunstnik_Portree_EAU.jpg&#8221; title_text=&#8221;K.Roots_Kunstnik_Portree_EA\u00dc&#8221; _builder_version=&#8221;4.27.4&#8243; _module_preset=&#8221;default&#8221; global_colors_info=&#8221;{}&#8221;][\/et_pb_image][et_pb_button button_url=&#8221;https:\/\/artscience.pro\/et\/science\/about\/&#8221; button_text=&#8221;Teadus&#8221; button_alignment=&#8221;center&#8221; _builder_version=&#8221;4.27.4&#8243; _module_preset=&#8221;default&#8221; button_bg_color=&#8221;#0C71C3&#8243; button_icon_color=&#8221;#0C71C3&#8243;][\/et_pb_button][et_pb_button button_url=&#8221;https:\/\/artscience.pro\/et\/art\/about-artist\/&#8221; button_text=&#8221;Kunst&#8221; button_alignment=&#8221;center&#8221; _builder_version=&#8221;4.27.4&#8243; _module_preset=&#8221;default&#8221; button_bg_color=&#8221;#E01F45&#8243;][\/et_pb_button][\/et_pb_column][et_pb_column type=&#8221;2_3&#8243; _builder_version=&#8221;4.27.4&#8243; _module_preset=&#8221;default&#8221;][et_pb_text _builder_version=&#8221;4.27.4&#8243; _module_preset=&#8221;default&#8221; max_width=&#8221;90%&#8221; module_alignment=&#8221;center&#8221; hover_enabled=&#8221;0&#8243; global_colors_info=&#8221;{}&#8221; sticky_enabled=&#8221;0&#8243;]<\/p>\n<p style=\"text-align: center;\">Olen Kristiina Roots \u2014 akvarellikunstnik ja meditsiiniteadlane, kelle t\u00f6\u00f6 \u00fchendab kahte maailma: loovust ja teadusp\u00f5hisust.<\/p>\n<p style=\"text-align: center;\">Tegutsen selle nimel, et kunst ja teadus koos looksid parema, teadlikuma ja inspireerivama maailma \u2013 tuues inimesi l\u00e4hemale iseendale, \u00fcksteisele ja teadmistele, mis toetavad arengut.<\/p>\n<h3 style=\"margin-top: 1.5em; text-align: center;\">Minu ettev\u00f5te h\u00f5lmab kahte suunda:<\/h3>\n<ul style=\"list-style-type: none; padding-left: 0; text-align: center;\">\n<li><strong>Kristiina Roots Art<\/strong> \u2013 akvarellimaalid ja t\u00f6\u00f6toad, mis toovad esile ilu, kohalolu ja loova m\u00f5tlemise<\/li>\n<li><strong>Kristiina Roots Science<\/strong> \u2013 meditsiiniteadusealane n\u00f5ustamine, juhtimine ja koolitused, mis \u00fchendavad teaduse ja innovatsiooni<\/li>\n<\/ul>\n<p style=\"text-align: center;\">See veebileht on <strong>uus ja kiiresti arenev<\/strong> \u2013 peagi lisandub siia uut sisu, projekte ja v\u00f5imalusi koost\u00f6\u00f6ks.<\/p>\n<p style=\"text-align: center;\">Ootan r\u00f5\u00f5muga sinu kirja v\u00f5i k\u00fcsimust.<br \/>Kui tunned mind juba \u2013 <strong>tere taas!<\/strong><br \/>Kui oled siin esimest korda \u2013 <strong>kirjuta mulle, kohtume!<\/strong><\/p>\n<p>[\/et_pb_text][\/et_pb_column][\/et_pb_row][\/et_pb_section]<\/p>\n","protected":false},"excerpt":{"rendered":"<p>Teadus ja kunst \u2013 kaks valdkonda, \u00fcks visioonOlen Kristiina Roots \u2014 akvarellikunstnik ja meditsiiniteadlane, kelle t\u00f6\u00f6 \u00fchendab kahte maailma: loovust ja teadusp\u00f5hisust. Tegutsen selle nimel, et kunst ja teadus koos looksid parema, teadlikuma ja inspireerivama maailma \u2013 tuues inimesi l\u00e4hemale iseendale, \u00fcksteisele ja teadmistele, mis toetavad arengut. Minu ettev\u00f5te h\u00f5lmab kahte suunda: Kristiina Roots Art [&hellip;]<\/p>\n","protected":false},"author":1,"featured_media":0,"parent":0,"menu_order":0,"comment_status":"closed","ping_status":"closed","template":"","meta":{"_et_pb_use_builder":"on","_et_pb_old_content":"","_et_gb_content_width":"","_swpsp_post_exclude":false,"footnotes":""},"class_list":["post-194","page","type-page","status-publish","hentry"],"_links":{"self":[{"href":"https:\/\/artscience.pro\/et\/wp-json\/wp\/v2\/pages\/194","targetHints":{"allow":["GET"]}}],"collection":[{"href":"https:\/\/artscience.pro\/et\/wp-json\/wp\/v2\/pages"}],"about":[{"href":"https:\/\/artscience.pro\/et\/wp-json\/wp\/v2\/types\/page"}],"author":[{"embeddable":true,"href":"https:\/\/artscience.pro\/et\/wp-json\/wp\/v2\/users\/1"}],"replies":[{"embeddable":true,"href":"https:\/\/artscience.pro\/et\/wp-json\/wp\/v2\/comments?post=194"}],"version-history":[{"count":15,"href":"https:\/\/artscience.pro\/et\/wp-json\/wp\/v2\/pages\/194\/revisions"}],"predecessor-version":[{"id":774,"href":"https:\/\/artscience.pro\/et\/wp-json\/wp\/v2\/pages\/194\/revisions\/774"}],"wp:attachment":[{"href":"https:\/\/artscience.pro\/et\/wp-json\/wp\/v2\/media?parent=194"}],"curies":[{"name":"wp","href":"https:\/\/api.w.org\/{rel}","templated":true}]}}