{"id":188,"date":"2025-04-27T22:19:35","date_gmt":"2025-04-27T19:19:35","guid":{"rendered":"https:\/\/artscience.pro\/?page_id=188"},"modified":"2025-11-24T18:48:31","modified_gmt":"2025-11-24T16:48:31","slug":"about-artist","status":"publish","type":"page","link":"https:\/\/artscience.pro\/et\/art\/about-artist\/","title":{"rendered":"Watercolor Artist Kristiina Roots"},"content":{"rendered":"<p>[et_pb_section fb_built=&#8221;1&#8243; fullwidth=&#8221;on&#8221; _builder_version=&#8221;4.27.4&#8243; _module_preset=&#8221;default&#8221; background_color=&#8221;#000000&#8243; min_height=&#8221;474px&#8221; custom_padding=&#8221;0px||0px||false|false&#8221; global_colors_info=&#8221;{}&#8221;][et_pb_fullwidth_code _builder_version=&#8221;4.27.4&#8243; _module_preset=&#8221;default&#8221; background_color=&#8221;#000000&#8243; min_height=&#8221;700px&#8221; custom_padding=&#8221;||0px||false|false&#8221; global_colors_info=&#8221;{}&#8221;]<\/p>\n<div style=\"position:relative;width:100%;height:70vh;overflow:hidden;\"><!-- [et_pb_line_break_holder] -->  <iframe <!-- [et_pb_line_break_holder] -->    src=&#8221;https:\/\/player.vimeo.com\/video\/1133841233?h=5a8f359ced&#038;autoplay=1&#038;muted=1&#038;loop=1&#038;title=0&#038;byline=0&#038;portrait=0&#8243;<!-- [et_pb_line_break_holder] -->    style=&#8221;position:absolute;top:0;left:0;width:100%;height:100%;object-fit:cover;&#8221;<!-- [et_pb_line_break_holder] -->    frameborder=&#8221;0&#8243;<!-- [et_pb_line_break_holder] -->    allow=&#8221;autoplay; fullscreen; picture-in-picture&#8221;<!-- [et_pb_line_break_holder] -->    allowfullscreen<!-- [et_pb_line_break_holder] -->    title=&#8221;Kristiina Roots Watercolour Art&#8221;><!-- [et_pb_line_break_holder] -->  <\/iframe><!-- [et_pb_line_break_holder] --><\/div>\n<p><!-- [et_pb_line_break_holder] --><script src=\"https:\/\/player.vimeo.com\/api\/player.js\"><\/script>[\/et_pb_fullwidth_code][\/et_pb_section][et_pb_section fb_built=&#8221;1&#8243; _builder_version=&#8221;4.27.4&#8243; _module_preset=&#8221;default&#8221; min_height=&#8221;1000px&#8221; global_colors_info=&#8221;{}&#8221;][et_pb_row _builder_version=&#8221;4.27.4&#8243; _module_preset=&#8221;default&#8221; custom_padding=&#8221;||0px||false|false&#8221; global_colors_info=&#8221;{}&#8221;][et_pb_column type=&#8221;4_4&#8243; _builder_version=&#8221;4.27.4&#8243; _module_preset=&#8221;default&#8221; global_colors_info=&#8221;{}&#8221;][et_pb_text _builder_version=&#8221;4.27.4&#8243; _module_preset=&#8221;default&#8221; hover_enabled=&#8221;0&#8243; global_colors_info=&#8221;{}&#8221; sticky_enabled=&#8221;0&#8243;]<\/p>\n<h1>Kunstnikust \u21d3<\/h1>\n<p>S\u00fcndinud 1977. aastal Tartus<\/p>\n<p>Elab ja t\u00f6\u00f6tab Tallinnas, Eestis<\/p>\n<h2>Tutvustus<\/h2>\n<p>Kristiina Roots on Tallinnas tegutsev eesti akvarellikunstnik ja meditsiiniteadlane. Tema eluaegne kirg maalimise vastu v\u00e4ljendub vahetutes ja energilistes t\u00f6\u00f6des, mis s\u00fcnnivad t\u00e4helepanelikust vaatlusest \u2013 sageli v\u00e4litingimustes, nii Eestis kui ka reisidel, kohtumistest inimeste, loomade ja eri paikadega.<\/p>\n<p>Kunstnikuna \u00fchendab ta klassikalise maalimistehnika kaasaegse tundlikkusega, keskendudes liikumisele, valgusele ja vormile. Tema looming h\u00f5lmab v\u00e4ga erinevaid teemasid \u2013 maastikke, linnavaateid, portreesid, looduse ja loomade motiive ning nat\u00fc\u00fcrmorte. Kristiina jaoks on teema teisej\u00e4rguline; esikohal on akvarell ise \u2013 selle voolavus ja v\u00f5imalused, mis peegelduvad igas aastaajas ja eluetapis. Akvarelli kasutab ta iseseisva ja t\u00e4isv\u00e4\u00e4rtusliku meediumina, m\u00e4ngides l\u00e4bipaistvuse, kihtide ja voolavusega, et saavutada selgus ja emotsionaalne kohalolu igas teoses.<\/p>\n<p>Kristiina alustas kunsti\u00f5pinguid varakult, \u00f5ppides <a href=\"https:\/\/lkk.tartu.ee\/\" target=\"_blank\" rel=\"noopener\">Tartu Lastekunstikoolis<\/a> ja kunsti kallakuga <a href=\"https:\/\/variku.tartu.ee\/et\" target=\"_blank\" rel=\"noopener\">keskkoolis<\/a>. Paralleelselt teaduskarj\u00e4\u00e4riga farmaatsiat\u00f6\u00f6stuses ja akadeemilises uurimist\u00f6\u00f6s \u2013 kaitstes Tartu \u00dclikoolis doktorikraadi <a href=\"https:\/\/biomeditsiin.ut.ee\/et\/sisu\/biokeemia-osakonna-doktoritood\" target=\"_blank\" rel=\"noopener\">meditsiinilise biokeemia erialal<\/a> \u2013 on ta j\u00e4rjepidevalt maalinud ning loonud \u00fcle 500 originaalteose.<\/p>\n<p>Ta on <a href=\"https:\/\/www.estws.ee\/\" target=\"_blank\" rel=\"noopener\">Eesti Akvarellistide \u00dchenduse<\/a> liige ning on osalenud selle \u00fchisn\u00e4itustel Eestis ja rahvusvaheliselt. Tema t\u00f6id on eksponeeritud muuhulgas <a href=\"https:\/\/www.internationalwatercolormuseum.com\/fabrianoinacquarello\" target=\"_blank\" rel=\"noopener\">FabrianoInAcquarello<\/a> (Itaalia) ja <a href=\"https:\/\/internationalwatercolourmasters.com\/?v=08a4415e9d59\" target=\"_blank\" rel=\"noopener\">International Watercolour Masters<\/a> (Suurbritannia) n\u00e4itustel ning mitmel <a href=\"https:\/\/www.drinkandraw.ee\/\" target=\"_blank\" rel=\"noopener\">Drink and Draw<\/a> v\u00e4ljapanekul Eestis.<\/p>\n<p>Eesti FabrianoInAcquarello (FabrianoInWatercolour) projektijuhina edendab Kristiina rahvusvahelist kunstialast koost\u00f6\u00f6d.<br \/>Ta on t\u00e4iendanud end maailmas tuntud akvarellimeistrite k\u00e4e all ning on valitud International Watercolour Masters Top 200 hulka.<\/p>\n<p>Hiljuti on Kristiina algatanud ja juhendab akvarelli sissejuhatavaid t\u00f6\u00f6tubasid <a href=\"https:\/\/artscience.pro\/et\/shop\/valda-voogu-akvarelli-hoog-ja-lummus-avastav-tootuba\/\" target=\"_blank\" rel=\"noopener\">\u201cValda voogu \u2013 akvarelli hoog ja lummus\u201d<\/a>, kus ta jagab oma oskusi ja loomingulist m\u00f5tteviisi. Tema eesm\u00e4rk on suurendada akvarelli kui n\u00fcansirikka ja kaasaegse meediumi n\u00e4htavust Eestis ning tuua selle j\u00f5ud ka laiemasse kunstihuviliste ringi.<\/p>\n<h2>Haridus<\/h2>\n<p>2000-2008 Tartu \u00dclikool, arstiteaduskond, meditsiinilise biokeemia eriala, PhD<\/p>\n<p>1995-2000 Tartu \u00dclikool, arstiteaduskond, farmaatsia eriala, BSc<\/p>\n<p>1992-1995 Tartu 14. Keskkool, kunstikallak<\/p>\n<p>1988-1992 Tartu Lastekunstikool<\/p>\n<h2>Valitud isikun\u00e4itus<\/h2>\n<p>2008 <em data-start=\"2832\" data-end=\"2845\">Reisimuljed<\/em>, Tartu \u00dclikooli kohvik, Tartu<\/p>\n<h2>Valitud grupin\u00e4itused<\/h2>\n<p>2025 Eesti Akvarellistide \u00dchenduse n\u00e4itus<a href=\"https:\/\/kultuur.err.ee\/1609828359\/galerii-akvarellikunstnikud-avasid-raplas-suure-ulevaatenaituse\" target=\"_blank\" rel=\"noopener\"> <em>\u201eDuo: Vaoshoitus ja plahvatus\u201c<\/em><\/a>, <a href=\"https:\/\/raplakunst.eu\/?lang=et\" target=\"_blank\" rel=\"noopener\">Raplamaa Kaasaegse Kunsti Keskus<\/a><\/p>\n<p>2025 Eesti Akvarellistide \u00dchenduse n\u00e4itus <a href=\"https:\/\/www.estws.ee\/eau-naitus-muhu-varvid-02-09-30-10-2025-galeriis-valge-kuup\/\" target=\"_blank\" rel=\"noopener\"><em>\u201eMuhu v\u00e4rvid\u201c<\/em><\/a>, galerii Valge Kuup, <a href=\"https:\/\/www.pohjalatehas.ee\/\" target=\"_blank\" rel=\"noopener\">P\u00f5hjala tehas<\/a>, Tallinn<\/p>\n<p>2025 Drink and Draw pop-up n\u00e4itus, Estonia pst 5, Tallinn<\/p>\n<p>2024 Drink and Draw aastan\u00e4itus, <a href=\"https:\/\/salme.ee\/salmewp\/\" target=\"_blank\" rel=\"noopener\">Salme Kultuurikeskus<\/a> ja P\u00f5hjala Tehas, Tallinn<\/p>\n<p>2024 FabrianoInAcquarello, Rahvusvaheline Akvarellimuuseum, Fabriano, Itaalia<\/p>\n<p>2024 International Watercolour Masters, digiv\u00e4ljapanek, <a href=\"https:\/\/www.lilleshallhouse.co.uk\/\" target=\"_blank\" rel=\"noopener\">Lilleshall Hall<\/a>, Shropshire, Inglismaa<\/p>\n<p>2023 Drink and Draw aastan\u00e4itus, Sepikoja galerii, P\u00f5hjala tehas, Tallinn<\/p>\n<p>2022 Drink and Draw aastan\u00e4itus, Salme Kultuurikeskus, Tallinn<\/p>\n<h2>Tunnustused<\/h2>\n<p>2025 <em data-start=\"3611\" data-end=\"3620\">Top 200<\/em>, International Watercolour Masters, Shropshire, Inglismaa<\/p>\n<p>2024 T<em data-start=\"3690\" data-end=\"3699\">op 200<\/em>, International Watercolour Masters, Shropshire, Inglismaa<\/p>\n<p>[\/et_pb_text][\/et_pb_column][\/et_pb_row][\/et_pb_section][et_pb_section fb_built=&#8221;1&#8243; fullwidth=&#8221;on&#8221; _builder_version=&#8221;4.27.4&#8243; _module_preset=&#8221;default&#8221; global_colors_info=&#8221;{}&#8221;][\/et_pb_section]<\/p>\n","protected":false},"excerpt":{"rendered":"<p>Kunstnikust \u21d3 S\u00fcndinud 1977. aastal Tartus Elab ja t\u00f6\u00f6tab Tallinnas, Eestis Tutvustus Kristiina Roots on Tallinnas tegutsev eesti akvarellikunstnik ja meditsiiniteadlane. Tema eluaegne kirg maalimise vastu v\u00e4ljendub vahetutes ja energilistes t\u00f6\u00f6des, mis s\u00fcnnivad t\u00e4helepanelikust vaatlusest \u2013 sageli v\u00e4litingimustes, nii Eestis kui ka reisidel, kohtumistest inimeste, loomade ja eri paikadega. Kunstnikuna \u00fchendab ta klassikalise maalimistehnika kaasaegse [&hellip;]<\/p>\n","protected":false},"author":1,"featured_media":0,"parent":293,"menu_order":0,"comment_status":"closed","ping_status":"closed","template":"","meta":{"_et_pb_use_builder":"on","_et_pb_old_content":"","_et_gb_content_width":"","_swpsp_post_exclude":false,"footnotes":""},"class_list":["post-188","page","type-page","status-publish","hentry"],"_links":{"self":[{"href":"https:\/\/artscience.pro\/et\/wp-json\/wp\/v2\/pages\/188","targetHints":{"allow":["GET"]}}],"collection":[{"href":"https:\/\/artscience.pro\/et\/wp-json\/wp\/v2\/pages"}],"about":[{"href":"https:\/\/artscience.pro\/et\/wp-json\/wp\/v2\/types\/page"}],"author":[{"embeddable":true,"href":"https:\/\/artscience.pro\/et\/wp-json\/wp\/v2\/users\/1"}],"replies":[{"embeddable":true,"href":"https:\/\/artscience.pro\/et\/wp-json\/wp\/v2\/comments?post=188"}],"version-history":[{"count":14,"href":"https:\/\/artscience.pro\/et\/wp-json\/wp\/v2\/pages\/188\/revisions"}],"predecessor-version":[{"id":769,"href":"https:\/\/artscience.pro\/et\/wp-json\/wp\/v2\/pages\/188\/revisions\/769"}],"up":[{"embeddable":true,"href":"https:\/\/artscience.pro\/et\/wp-json\/wp\/v2\/pages\/293"}],"wp:attachment":[{"href":"https:\/\/artscience.pro\/et\/wp-json\/wp\/v2\/media?parent=188"}],"curies":[{"name":"wp","href":"https:\/\/api.w.org\/{rel}","templated":true}]}}