{"id":587,"date":"2025-06-09T23:11:23","date_gmt":"2025-06-09T20:11:23","guid":{"rendered":"https:\/\/artscience.pro\/?post_type=product&#038;p=587"},"modified":"2025-06-09T23:14:19","modified_gmt":"2025-06-09T20:14:19","slug":"impression-2-watercolor-kristiina-roots","status":"publish","type":"product","link":"https:\/\/artscience.pro\/en\/shop\/impression-2-watercolor-kristiina-roots\/","title":{"rendered":"Impression-2"},"content":{"rendered":"<h4>Impression-6 \u2013 a watercolor created before your eyes to capture special memories<\/h4>\n<ul>\n<li>A work painted from life carries a unique energy, mood, and movement.<\/li>\n<li>These works are created directly at the scene - from life - often outdoors, in direct contact with the surrounding moment and light.<\/li>\n<li>Most often, a work is completed in one session, as if in one breath \u2013 thus carrying the complete sensation and intensity of the moment of creation.<\/li>\n<\/ul>\n<p><strong>Technique:<\/strong> Watercolor (or other suitable technique)<br \/>\n<strong>Dimensions<\/strong>: Each artwork is different \u2013 exact details will be sent via email after purchase<br \/>\n<strong>Delivery:<\/strong> Securely packaged by mail or by personal arrangement<br \/>\n<strong>Includes:<\/strong> Signed certificate of authenticity and information about the specific artwork<\/p>\n<p><em>The product image is illustrative and does not depict the specific painting you are purchasing.<\/em><br \/>\n<em>This is a unique work of art, the completion and delivery terms of which are agreed upon individually.<\/em><\/p>\n<p><strong>This product is intended to confirm a personal agreement.<\/strong><br \/>\n<strong>After purchase, I will send you confirmation, photos, and documents about your specific acquired artwork via email.<\/strong><\/p>","protected":false},"excerpt":{"rendered":"<p>Buy a freshly completed painting straight from my easel<\/p>","protected":false},"featured_media":573,"template":"","meta":{"_et_pb_use_builder":"on","_et_pb_old_content":"<h4>Otse elust \u2013 teie silme ees valminud akvarell eriliste m\u00e4lestuste talletamiseks<\/h4>\r\n<ul>\r\n \t<li>Natuurist maalitud teos kannab endas ainulaadset energiat, meeleolu ja d\u00fcnaamikat.<\/li>\r\n \t<li>Need t\u00f6\u00f6d s\u00fcnnivad vahetult s\u00fcndmuspaigal \u2013 otse elust \u2013 sageli v\u00e4litingimustes, vahetus kontaktis \u00fcmbritseva hetke ja valgusega.<\/li>\r\n \t<li>Enamasti valmib teos \u00fche sessiooni jooksul, justkui \u00fche hinget\u00f5mbega \u2013 sellisena kannab ta endas loomise hetke terviklikku tunnetust ja intensiivsust.<\/li>\r\n<\/ul>\r\n<strong>Tehnika:<\/strong> Akvarell (v\u00f5i muu sobiv tehnika)\r\n<strong>M\u00f5\u00f5dud<\/strong>: Iga t\u00f6\u00f6 on erinev \u2013 t\u00e4psed andmed edastatakse p\u00e4rast ostu e-posti teel\r\n<strong>K\u00e4ttetoimetamine:<\/strong> Turvaliselt pakendatuna postiga v\u00f5i isiklikult kokkuleppel\r\n<strong>Kaasa tuleb:<\/strong> Allkirjastatud autentsussertifikaat ja info konkreetse teose kohta\r\n\r\n<em>Tootepilt on illustratiivne ja ei kujuta konkreetset maali, mida ostate.<\/em>\r\n<em>Tegemist on ainulaadse kunstiteosega, mille valmimine ja \u00fcleandmise tingimused lepitakse kokku individuaalselt.<\/em>\r\n\r\n<strong>See toode on m\u00f5eldud isikliku kokkuleppe kinnitamiseks.<\/strong>\r\n<strong>P\u00e4rast ostu saadan teile e-posti teel kinnituse, fotod ja dokumendid konkreetse soetatud teose kohta.<\/strong>","_et_gb_content_width":"","_swpsp_post_exclude":false},"product_brand":[],"product_cat":[31],"product_tag":[32],"class_list":{"0":"post-587","1":"product","2":"type-product","3":"status-publish","4":"has-post-thumbnail","6":"product_cat-otse-elust","7":"product_tag-molbert","9":"first","10":"instock","11":"taxable","12":"shipping-taxable","13":"purchasable","14":"product-type-simple"},"_links":{"self":[{"href":"https:\/\/artscience.pro\/en\/wp-json\/wp\/v2\/product\/587","targetHints":{"allow":["GET"]}}],"collection":[{"href":"https:\/\/artscience.pro\/en\/wp-json\/wp\/v2\/product"}],"about":[{"href":"https:\/\/artscience.pro\/en\/wp-json\/wp\/v2\/types\/product"}],"wp:featuredmedia":[{"embeddable":true,"href":"https:\/\/artscience.pro\/en\/wp-json\/wp\/v2\/media\/573"}],"wp:attachment":[{"href":"https:\/\/artscience.pro\/en\/wp-json\/wp\/v2\/media?parent=587"}],"wp:term":[{"taxonomy":"product_brand","embeddable":true,"href":"https:\/\/artscience.pro\/en\/wp-json\/wp\/v2\/product_brand?post=587"},{"taxonomy":"product_cat","embeddable":true,"href":"https:\/\/artscience.pro\/en\/wp-json\/wp\/v2\/product_cat?post=587"},{"taxonomy":"product_tag","embeddable":true,"href":"https:\/\/artscience.pro\/en\/wp-json\/wp\/v2\/product_tag?post=587"}],"curies":[{"name":"wp","href":"https:\/\/api.w.org\/{rel}","templated":true}]}}